{"id":6191,"date":"2024-05-06T09:31:29","date_gmt":"2024-05-06T09:31:29","guid":{"rendered":"https:\/\/www.apodan.dk\/produkter\/Ikke%20kategoriseret\/phlebo-press-dvt\/"},"modified":"2026-02-27T09:15:56","modified_gmt":"2026-02-27T09:15:56","slug":"phlebo-press-dvt","status":"publish","type":"product","link":"https:\/\/www.apodan.dk\/sv\/produkter\/dynamisk-kompression-sv\/dvt-kompressionspumpe-sv\/phlebo-press-dvt\/","title":{"rendered":"Phlebo Press\u00ae DVT"},"content":{"rendered":"<p id=\"tw-target-text\" class=\"tw-data-text tw-text-large tw-ta\" dir=\"ltr\" data-placeholder=\"Overs\u00e6ttelse\" data-ved=\"2ahUKEwjc8__krJ-JAxVeBdsEHUOwGSsQ3ewLegQIBxAW\" aria-label=\"Oversat tekst: Phlebo Press\u00ae \u00e4r en pneumatisk DVT-kompressionspump som stimulerar blodcirkulationen och \u00f6kar ven\u00f6s retur. Applikationen \u00e4r bekv\u00e4m och sm\u00e4rtfri. Phlebo Press\u00ae anv\u00e4nds f\u00f6r att f\u00f6rebygga djup ventrombos (DVT) f\u00f6r t.ex. patienter som \u00e4r or\u00f6rliga under operation eller sjukhusvistelse. Vid anv\u00e4ndning av 4-kammarmanschetter fylls de 4 luftkamrarna sekventiellt i en perifer till central riktning. N\u00e4r kamrarna \u00e4r fyllda med luft t\u00f6ms de samtidigt p\u00e5 luft, varefter det blir en paus utan kompression.\"><span class=\"Y2IQFc\" lang=\"sv\">Phlebo Press\u00ae \u00e4r en pneumatisk DVT-kompressionspump som stimulerar blodcirkulationen och \u00f6kar ven\u00f6s retur. Applikationen \u00e4r bekv\u00e4m och sm\u00e4rtfri. <\/span><\/p>\n<p class=\"tw-data-text tw-text-large tw-ta\" dir=\"ltr\" data-placeholder=\"Overs\u00e6ttelse\" data-ved=\"2ahUKEwjc8__krJ-JAxVeBdsEHUOwGSsQ3ewLegQIBxAW\" aria-label=\"Oversat tekst: Phlebo Press\u00ae \u00e4r en pneumatisk DVT-kompressionspump som stimulerar blodcirkulationen och \u00f6kar ven\u00f6s retur. Applikationen \u00e4r bekv\u00e4m och sm\u00e4rtfri. Phlebo Press\u00ae anv\u00e4nds f\u00f6r att f\u00f6rebygga djup ventrombos (DVT) f\u00f6r t.ex. patienter som \u00e4r or\u00f6rliga under operation eller sjukhusvistelse. Vid anv\u00e4ndning av 4-kammarmanschetter fylls de 4 luftkamrarna sekventiellt i en perifer till central riktning. N\u00e4r kamrarna \u00e4r fyllda med luft t\u00f6ms de samtidigt p\u00e5 luft, varefter det blir en paus utan kompression.\"><span class=\"Y2IQFc\" lang=\"sv\">Phlebo Press\u00ae anv\u00e4nds f\u00f6r att f\u00f6rebygga djup ventrombos (DVT) f\u00f6r t.ex. patienter som \u00e4r or\u00f6rliga under operation eller sjukhusvistelse. <\/span><\/p>\n<p class=\"tw-data-text tw-text-large tw-ta\" dir=\"ltr\" data-placeholder=\"Overs\u00e6ttelse\" data-ved=\"2ahUKEwjc8__krJ-JAxVeBdsEHUOwGSsQ3ewLegQIBxAW\" aria-label=\"Oversat tekst: Phlebo Press\u00ae \u00e4r en pneumatisk DVT-kompressionspump som stimulerar blodcirkulationen och \u00f6kar ven\u00f6s retur. Applikationen \u00e4r bekv\u00e4m och sm\u00e4rtfri. Phlebo Press\u00ae anv\u00e4nds f\u00f6r att f\u00f6rebygga djup ventrombos (DVT) f\u00f6r t.ex. patienter som \u00e4r or\u00f6rliga under operation eller sjukhusvistelse. Vid anv\u00e4ndning av 4-kammarmanschetter fylls de 4 luftkamrarna sekventiellt i en perifer till central riktning. N\u00e4r kamrarna \u00e4r fyllda med luft t\u00f6ms de samtidigt p\u00e5 luft, varefter det blir en paus utan kompression.\"><span class=\"Y2IQFc\" lang=\"sv\">Vid anv\u00e4ndning av 4-kammarmanschetter fylls de 4 luftkamrarna sekventiellt i en perifer till central riktning. N\u00e4r kamrarna \u00e4r fyllda med luft t\u00f6ms de samtidigt p\u00e5 luft, varefter det blir en paus utan kompression.<\/span><\/p>\n","protected":false},"excerpt":{"rendered":"<p>Phlebo Press\u00ae \u00e4r en pneumatisk DVT-kompressionspump som stimulerar blodcirkulationen och \u00f6kar ven\u00f6s retur. Applikationen \u00e4r bekv\u00e4m och sm\u00e4rtfri. Phlebo Press\u00ae anv\u00e4nds f\u00f6r att f\u00f6rebygga djup ventrombos (DVT) f\u00f6r t.ex. patienter som \u00e4r or\u00f6rliga under operation eller sjukhusvistelse. Vid anv\u00e4ndning av 4-kammarmanschetter fylls de 4 luftkamrarna sekventiellt i en perifer till central riktning. N\u00e4r kamrarna \u00e4r [&hellip;]<\/p>\n","protected":false},"featured_media":6139,"template":"","meta":{"_acf_changed":false,"inline_featured_image":false},"product_brand":[],"product_cat":[122],"product_tag":[],"class_list":{"0":"post-6191","1":"product","2":"type-product","3":"status-publish","4":"has-post-thumbnail","6":"product_cat-dvt-kompressionspumpe-sv","8":"first","9":"instock","10":"taxable","11":"shipping-taxable","12":"product-type-simple"},"acf":[],"yoast_head":"<!-- This site is optimized with the Yoast SEO plugin v27.3 - https:\/\/yoast.com\/product\/yoast-seo-wordpress\/ -->\n<title>Phlebo Press DVT | Effektiv DVT-kompressionspump<\/title>\n<meta name=\"robots\" content=\"index, follow, max-snippet:-1, max-image-preview:large, max-video-preview:-1\" \/>\n<link rel=\"canonical\" href=\"https:\/\/www.apodan.dk\/sv\/produkter\/dynamisk-kompression-sv\/dvt-kompressionspumpe-sv\/phlebo-press-dvt\/\" \/>\n<meta property=\"og:locale\" content=\"sv_SE\" \/>\n<meta property=\"og:type\" content=\"article\" \/>\n<meta property=\"og:title\" content=\"Phlebo Press DVT | Effektiv DVT-kompressionspump\" \/>\n<meta property=\"og:description\" content=\"Phlebo Press\u00ae \u00e4r en pneumatisk DVT-kompressionspump som stimulerar blodcirkulationen och \u00f6kar ven\u00f6s retur. Applikationen \u00e4r bekv\u00e4m och sm\u00e4rtfri. Phlebo Press\u00ae anv\u00e4nds f\u00f6r att f\u00f6rebygga djup ventrombos (DVT) f\u00f6r t.ex. patienter som \u00e4r or\u00f6rliga under operation eller sjukhusvistelse. Vid anv\u00e4ndning av 4-kammarmanschetter fylls de 4 luftkamrarna sekventiellt i en perifer till central riktning. N\u00e4r kamrarna \u00e4r [&hellip;]\" \/>\n<meta property=\"og:url\" content=\"https:\/\/www.apodan.dk\/sv\/produkter\/dynamisk-kompression-sv\/dvt-kompressionspumpe-sv\/phlebo-press-dvt\/\" \/>\n<meta property=\"og:site_name\" content=\"Apodan\" \/>\n<meta property=\"article:modified_time\" content=\"2026-02-27T09:15:56+00:00\" \/>\n<meta property=\"og:image\" content=\"https:\/\/www.apodan.dk\/wp-content\/uploads\/2024\/05\/Billede3-1.jpg\" \/>\n\t<meta property=\"og:image:width\" content=\"938\" \/>\n\t<meta property=\"og:image:height\" content=\"526\" \/>\n\t<meta property=\"og:image:type\" content=\"image\/jpeg\" \/>\n<meta name=\"twitter:card\" content=\"summary_large_image\" \/>\n<meta name=\"twitter:label1\" content=\"Ber\u00e4knad l\u00e4stid\" \/>\n\t<meta name=\"twitter:data1\" content=\"9 minuter\" \/>\n<script type=\"application\/ld+json\" class=\"yoast-schema-graph\">{\"@context\":\"https:\\\/\\\/schema.org\",\"@graph\":[{\"@type\":\"WebPage\",\"@id\":\"https:\\\/\\\/www.apodan.dk\\\/sv\\\/produkter\\\/dynamisk-kompression-sv\\\/dvt-kompressionspumpe-sv\\\/phlebo-press-dvt\\\/\",\"url\":\"https:\\\/\\\/www.apodan.dk\\\/sv\\\/produkter\\\/dynamisk-kompression-sv\\\/dvt-kompressionspumpe-sv\\\/phlebo-press-dvt\\\/\",\"name\":\"Phlebo Press DVT | Effektiv DVT-kompressionspump\",\"isPartOf\":{\"@id\":\"https:\\\/\\\/www.apodan.dk\\\/sv\\\/#website\"},\"primaryImageOfPage\":{\"@id\":\"https:\\\/\\\/www.apodan.dk\\\/sv\\\/produkter\\\/dynamisk-kompression-sv\\\/dvt-kompressionspumpe-sv\\\/phlebo-press-dvt\\\/#primaryimage\"},\"image\":{\"@id\":\"https:\\\/\\\/www.apodan.dk\\\/sv\\\/produkter\\\/dynamisk-kompression-sv\\\/dvt-kompressionspumpe-sv\\\/phlebo-press-dvt\\\/#primaryimage\"},\"thumbnailUrl\":\"https:\\\/\\\/www.apodan.dk\\\/wp-content\\\/uploads\\\/2024\\\/05\\\/Billede3-1.jpg\",\"datePublished\":\"2024-05-06T09:31:29+00:00\",\"dateModified\":\"2026-02-27T09:15:56+00:00\",\"breadcrumb\":{\"@id\":\"https:\\\/\\\/www.apodan.dk\\\/sv\\\/produkter\\\/dynamisk-kompression-sv\\\/dvt-kompressionspumpe-sv\\\/phlebo-press-dvt\\\/#breadcrumb\"},\"inLanguage\":\"sv-SE\",\"potentialAction\":[{\"@type\":\"ReadAction\",\"target\":[\"https:\\\/\\\/www.apodan.dk\\\/sv\\\/produkter\\\/dynamisk-kompression-sv\\\/dvt-kompressionspumpe-sv\\\/phlebo-press-dvt\\\/\"]}]},{\"@type\":\"ImageObject\",\"inLanguage\":\"sv-SE\",\"@id\":\"https:\\\/\\\/www.apodan.dk\\\/sv\\\/produkter\\\/dynamisk-kompression-sv\\\/dvt-kompressionspumpe-sv\\\/phlebo-press-dvt\\\/#primaryimage\",\"url\":\"https:\\\/\\\/www.apodan.dk\\\/wp-content\\\/uploads\\\/2024\\\/05\\\/Billede3-1.jpg\",\"contentUrl\":\"https:\\\/\\\/www.apodan.dk\\\/wp-content\\\/uploads\\\/2024\\\/05\\\/Billede3-1.jpg\",\"width\":938,\"height\":526},{\"@type\":\"BreadcrumbList\",\"@id\":\"https:\\\/\\\/www.apodan.dk\\\/sv\\\/produkter\\\/dynamisk-kompression-sv\\\/dvt-kompressionspumpe-sv\\\/phlebo-press-dvt\\\/#breadcrumb\",\"itemListElement\":[{\"@type\":\"ListItem\",\"position\":1,\"name\":\"Forside\",\"item\":\"https:\\\/\\\/www.apodan.dk\\\/sv\\\/\"},{\"@type\":\"ListItem\",\"position\":2,\"name\":\"Produkter\",\"item\":\"https:\\\/\\\/www.apodan.dk\\\/sv\\\/produkter\\\/\"},{\"@type\":\"ListItem\",\"position\":3,\"name\":\"Dynamisk kompression\",\"item\":\"https:\\\/\\\/www.apodan.dk\\\/sv\\\/produkter\\\/produkt-kategory\\\/dynamisk-kompression-sv\\\/\"},{\"@type\":\"ListItem\",\"position\":4,\"name\":\"DVT kompressionspumpe\",\"item\":\"https:\\\/\\\/www.apodan.dk\\\/sv\\\/produkter\\\/produkt-kategory\\\/dynamisk-kompression-sv\\\/dvt-kompressionspumpe-sv\\\/\"},{\"@type\":\"ListItem\",\"position\":5,\"name\":\"Phlebo Press\u00ae DVT\"}]},{\"@type\":\"WebSite\",\"@id\":\"https:\\\/\\\/www.apodan.dk\\\/sv\\\/#website\",\"url\":\"https:\\\/\\\/www.apodan.dk\\\/sv\\\/\",\"name\":\"Apodan\",\"description\":\"\",\"potentialAction\":[{\"@type\":\"SearchAction\",\"target\":{\"@type\":\"EntryPoint\",\"urlTemplate\":\"https:\\\/\\\/www.apodan.dk\\\/sv\\\/?s={search_term_string}\"},\"query-input\":{\"@type\":\"PropertyValueSpecification\",\"valueRequired\":true,\"valueName\":\"search_term_string\"}}],\"inLanguage\":\"sv-SE\"}]}<\/script>\n<!-- \/ Yoast SEO plugin. -->","yoast_head_json":{"title":"Phlebo Press DVT | Effektiv DVT-kompressionspump","robots":{"index":"index","follow":"follow","max-snippet":"max-snippet:-1","max-image-preview":"max-image-preview:large","max-video-preview":"max-video-preview:-1"},"canonical":"https:\/\/www.apodan.dk\/sv\/produkter\/dynamisk-kompression-sv\/dvt-kompressionspumpe-sv\/phlebo-press-dvt\/","og_locale":"sv_SE","og_type":"article","og_title":"Phlebo Press DVT | Effektiv DVT-kompressionspump","og_description":"Phlebo Press\u00ae \u00e4r en pneumatisk DVT-kompressionspump som stimulerar blodcirkulationen och \u00f6kar ven\u00f6s retur. Applikationen \u00e4r bekv\u00e4m och sm\u00e4rtfri. Phlebo Press\u00ae anv\u00e4nds f\u00f6r att f\u00f6rebygga djup ventrombos (DVT) f\u00f6r t.ex. patienter som \u00e4r or\u00f6rliga under operation eller sjukhusvistelse. Vid anv\u00e4ndning av 4-kammarmanschetter fylls de 4 luftkamrarna sekventiellt i en perifer till central riktning. N\u00e4r kamrarna \u00e4r [&hellip;]","og_url":"https:\/\/www.apodan.dk\/sv\/produkter\/dynamisk-kompression-sv\/dvt-kompressionspumpe-sv\/phlebo-press-dvt\/","og_site_name":"Apodan","article_modified_time":"2026-02-27T09:15:56+00:00","og_image":[{"width":938,"height":526,"url":"https:\/\/www.apodan.dk\/wp-content\/uploads\/2024\/05\/Billede3-1.jpg","type":"image\/jpeg"}],"twitter_card":"summary_large_image","twitter_misc":{"Ber\u00e4knad l\u00e4stid":"9 minuter"},"schema":{"@context":"https:\/\/schema.org","@graph":[{"@type":"WebPage","@id":"https:\/\/www.apodan.dk\/sv\/produkter\/dynamisk-kompression-sv\/dvt-kompressionspumpe-sv\/phlebo-press-dvt\/","url":"https:\/\/www.apodan.dk\/sv\/produkter\/dynamisk-kompression-sv\/dvt-kompressionspumpe-sv\/phlebo-press-dvt\/","name":"Phlebo Press DVT | Effektiv DVT-kompressionspump","isPartOf":{"@id":"https:\/\/www.apodan.dk\/sv\/#website"},"primaryImageOfPage":{"@id":"https:\/\/www.apodan.dk\/sv\/produkter\/dynamisk-kompression-sv\/dvt-kompressionspumpe-sv\/phlebo-press-dvt\/#primaryimage"},"image":{"@id":"https:\/\/www.apodan.dk\/sv\/produkter\/dynamisk-kompression-sv\/dvt-kompressionspumpe-sv\/phlebo-press-dvt\/#primaryimage"},"thumbnailUrl":"https:\/\/www.apodan.dk\/wp-content\/uploads\/2024\/05\/Billede3-1.jpg","datePublished":"2024-05-06T09:31:29+00:00","dateModified":"2026-02-27T09:15:56+00:00","breadcrumb":{"@id":"https:\/\/www.apodan.dk\/sv\/produkter\/dynamisk-kompression-sv\/dvt-kompressionspumpe-sv\/phlebo-press-dvt\/#breadcrumb"},"inLanguage":"sv-SE","potentialAction":[{"@type":"ReadAction","target":["https:\/\/www.apodan.dk\/sv\/produkter\/dynamisk-kompression-sv\/dvt-kompressionspumpe-sv\/phlebo-press-dvt\/"]}]},{"@type":"ImageObject","inLanguage":"sv-SE","@id":"https:\/\/www.apodan.dk\/sv\/produkter\/dynamisk-kompression-sv\/dvt-kompressionspumpe-sv\/phlebo-press-dvt\/#primaryimage","url":"https:\/\/www.apodan.dk\/wp-content\/uploads\/2024\/05\/Billede3-1.jpg","contentUrl":"https:\/\/www.apodan.dk\/wp-content\/uploads\/2024\/05\/Billede3-1.jpg","width":938,"height":526},{"@type":"BreadcrumbList","@id":"https:\/\/www.apodan.dk\/sv\/produkter\/dynamisk-kompression-sv\/dvt-kompressionspumpe-sv\/phlebo-press-dvt\/#breadcrumb","itemListElement":[{"@type":"ListItem","position":1,"name":"Forside","item":"https:\/\/www.apodan.dk\/sv\/"},{"@type":"ListItem","position":2,"name":"Produkter","item":"https:\/\/www.apodan.dk\/sv\/produkter\/"},{"@type":"ListItem","position":3,"name":"Dynamisk kompression","item":"https:\/\/www.apodan.dk\/sv\/produkter\/produkt-kategory\/dynamisk-kompression-sv\/"},{"@type":"ListItem","position":4,"name":"DVT kompressionspumpe","item":"https:\/\/www.apodan.dk\/sv\/produkter\/produkt-kategory\/dynamisk-kompression-sv\/dvt-kompressionspumpe-sv\/"},{"@type":"ListItem","position":5,"name":"Phlebo Press\u00ae DVT"}]},{"@type":"WebSite","@id":"https:\/\/www.apodan.dk\/sv\/#website","url":"https:\/\/www.apodan.dk\/sv\/","name":"Apodan","description":"","potentialAction":[{"@type":"SearchAction","target":{"@type":"EntryPoint","urlTemplate":"https:\/\/www.apodan.dk\/sv\/?s={search_term_string}"},"query-input":{"@type":"PropertyValueSpecification","valueRequired":true,"valueName":"search_term_string"}}],"inLanguage":"sv-SE"}]}},"_links":{"self":[{"href":"https:\/\/www.apodan.dk\/sv\/wp-json\/wp\/v2\/product\/6191","targetHints":{"allow":["GET"]}}],"collection":[{"href":"https:\/\/www.apodan.dk\/sv\/wp-json\/wp\/v2\/product"}],"about":[{"href":"https:\/\/www.apodan.dk\/sv\/wp-json\/wp\/v2\/types\/product"}],"wp:featuredmedia":[{"embeddable":true,"href":"https:\/\/www.apodan.dk\/sv\/wp-json\/wp\/v2\/media\/6139"}],"wp:attachment":[{"href":"https:\/\/www.apodan.dk\/sv\/wp-json\/wp\/v2\/media?parent=6191"}],"wp:term":[{"taxonomy":"product_brand","embeddable":true,"href":"https:\/\/www.apodan.dk\/sv\/wp-json\/wp\/v2\/product_brand?post=6191"},{"taxonomy":"product_cat","embeddable":true,"href":"https:\/\/www.apodan.dk\/sv\/wp-json\/wp\/v2\/product_cat?post=6191"},{"taxonomy":"product_tag","embeddable":true,"href":"https:\/\/www.apodan.dk\/sv\/wp-json\/wp\/v2\/product_tag?post=6191"}],"curies":[{"name":"wp","href":"https:\/\/api.w.org\/{rel}","templated":true}]}}