{"id":5193,"date":"2024-04-30T09:57:11","date_gmt":"2024-04-30T09:57:11","guid":{"rendered":"https:\/\/apodan.wpenginepowered.com\/produkter\/okategoriserad\/lympha-press-optimal-plus\/"},"modified":"2026-04-14T12:24:33","modified_gmt":"2026-04-14T12:24:33","slug":"lympha-press-optimal-plus","status":"publish","type":"product","link":"https:\/\/www.apodan.dk\/sv\/produkter\/dynamisk-kompression-sv\/multikammar-kompressionspumpar\/lympha-press-optimal-plus\/","title":{"rendered":"Lympha Press\u00ae Optimal Plus"},"content":{"rendered":"<p class=\"mb-15\">Apodan erbjuder ett brett urval av Lympha Press\u00ae kompressionspumpar med tillh\u00f6rande manschetter. Pumparna bildar ett pulserande \u00f6vertryck vars \u00e4ndam\u00e5l \u00e4r att f\u00f6rminska omf\u00e5nget p\u00e5 kroppsdelar och mjukg\u00f6ra v\u00e4vnader etc.<\/p>\n<p class=\"mb-15\">Pumparna anv\u00e4nds p\u00e5 sjukhus och kliniker och kan, efter individuell bed\u00f6mning av anv\u00e4ndarens tillst\u00e5nd, beviljas f\u00f6r hemmabruk.<\/p>\n<p class=\"mb-15\">Lympha Press\u00ae \u00e4r godk\u00e4nd som medicinsk utrustning enligt FDA, UL, CSA, T\u00dcV, (IEC-601-1), MedGV, GS, ISO 9002 och CE-m\u00e4rkt<\/p>\n\t<a target=\"_blank\" href=\"\/produkter\/dynamisk-kompression\/multikammer-kompressionspumper\/lympha-press-optimal-plus\/\"class=\"button blue  track-analytics \">Information p\u00e5 dansk<\/a>\r\n\n","protected":false},"excerpt":{"rendered":"<p>Apodan erbjuder ett brett urval av Lympha Press\u00ae kompressionspumpar med tillh\u00f6rande manschetter. Pumparna bildar ett pulserande \u00f6vertryck vars \u00e4ndam\u00e5l \u00e4r att f\u00f6rminska omf\u00e5nget p\u00e5 kroppsdelar och mjukg\u00f6ra v\u00e4vnader etc. Pumparna anv\u00e4nds p\u00e5 sjukhus och kliniker och kan, efter individuell bed\u00f6mning av anv\u00e4ndarens tillst\u00e5nd, beviljas f\u00f6r hemmabruk. Lympha Press\u00ae \u00e4r godk\u00e4nd som medicinsk utrustning enligt FDA, [&hellip;]<\/p>\n","protected":false},"featured_media":4745,"template":"","meta":{"_acf_changed":false,"inline_featured_image":false},"product_brand":[],"product_cat":[120],"product_tag":[],"class_list":{"0":"post-5193","1":"product","2":"type-product","3":"status-publish","4":"has-post-thumbnail","6":"product_cat-multikammar-kompressionspumpar","8":"first","9":"instock","10":"taxable","11":"shipping-taxable","12":"product-type-simple"},"acf":[],"yoast_head":"<!-- This site is optimized with the Yoast SEO plugin v27.3 - https:\/\/yoast.com\/product\/yoast-seo-wordpress\/ -->\n<title>Lympha Press Optimal Plus | Effektiv lymfekompression<\/title>\n<meta name=\"robots\" content=\"index, follow, max-snippet:-1, max-image-preview:large, max-video-preview:-1\" \/>\n<link rel=\"canonical\" href=\"https:\/\/www.apodan.dk\/sv\/produkter\/dynamisk-kompression-sv\/multikammar-kompressionspumpar\/lympha-press-optimal-plus\/\" \/>\n<meta property=\"og:locale\" content=\"sv_SE\" \/>\n<meta property=\"og:type\" content=\"article\" \/>\n<meta property=\"og:title\" content=\"Lympha Press Optimal Plus | Effektiv lymfekompression\" \/>\n<meta property=\"og:description\" content=\"Apodan erbjuder ett brett urval av Lympha Press\u00ae kompressionspumpar med tillh\u00f6rande manschetter. Pumparna bildar ett pulserande \u00f6vertryck vars \u00e4ndam\u00e5l \u00e4r att f\u00f6rminska omf\u00e5nget p\u00e5 kroppsdelar och mjukg\u00f6ra v\u00e4vnader etc. Pumparna anv\u00e4nds p\u00e5 sjukhus och kliniker och kan, efter individuell bed\u00f6mning av anv\u00e4ndarens tillst\u00e5nd, beviljas f\u00f6r hemmabruk. Lympha Press\u00ae \u00e4r godk\u00e4nd som medicinsk utrustning enligt FDA, [&hellip;]\" \/>\n<meta property=\"og:url\" content=\"https:\/\/www.apodan.dk\/sv\/produkter\/dynamisk-kompression-sv\/multikammar-kompressionspumpar\/lympha-press-optimal-plus\/\" \/>\n<meta property=\"og:site_name\" content=\"Apodan\" \/>\n<meta property=\"article:modified_time\" content=\"2026-04-14T12:24:33+00:00\" \/>\n<meta property=\"og:image\" content=\"https:\/\/www.apodan.dk\/wp-content\/uploads\/2024\/04\/optimal-plus-mobil.png\" \/>\n\t<meta property=\"og:image:width\" content=\"787\" \/>\n\t<meta property=\"og:image:height\" content=\"599\" \/>\n\t<meta property=\"og:image:type\" content=\"image\/png\" \/>\n<meta name=\"twitter:card\" content=\"summary_large_image\" \/>\n<meta name=\"twitter:label1\" content=\"Ber\u00e4knad l\u00e4stid\" \/>\n\t<meta name=\"twitter:data1\" content=\"14 minuter\" \/>\n<script type=\"application\/ld+json\" class=\"yoast-schema-graph\">{\"@context\":\"https:\\\/\\\/schema.org\",\"@graph\":[{\"@type\":\"WebPage\",\"@id\":\"https:\\\/\\\/www.apodan.dk\\\/sv\\\/produkter\\\/dynamisk-kompression-sv\\\/multikammar-kompressionspumpar\\\/lympha-press-optimal-plus\\\/\",\"url\":\"https:\\\/\\\/www.apodan.dk\\\/sv\\\/produkter\\\/dynamisk-kompression-sv\\\/multikammar-kompressionspumpar\\\/lympha-press-optimal-plus\\\/\",\"name\":\"Lympha Press Optimal Plus | Effektiv lymfekompression\",\"isPartOf\":{\"@id\":\"https:\\\/\\\/www.apodan.dk\\\/sv\\\/#website\"},\"primaryImageOfPage\":{\"@id\":\"https:\\\/\\\/www.apodan.dk\\\/sv\\\/produkter\\\/dynamisk-kompression-sv\\\/multikammar-kompressionspumpar\\\/lympha-press-optimal-plus\\\/#primaryimage\"},\"image\":{\"@id\":\"https:\\\/\\\/www.apodan.dk\\\/sv\\\/produkter\\\/dynamisk-kompression-sv\\\/multikammar-kompressionspumpar\\\/lympha-press-optimal-plus\\\/#primaryimage\"},\"thumbnailUrl\":\"https:\\\/\\\/www.apodan.dk\\\/wp-content\\\/uploads\\\/2024\\\/04\\\/optimal-plus-mobil.png\",\"datePublished\":\"2024-04-30T09:57:11+00:00\",\"dateModified\":\"2026-04-14T12:24:33+00:00\",\"breadcrumb\":{\"@id\":\"https:\\\/\\\/www.apodan.dk\\\/sv\\\/produkter\\\/dynamisk-kompression-sv\\\/multikammar-kompressionspumpar\\\/lympha-press-optimal-plus\\\/#breadcrumb\"},\"inLanguage\":\"sv-SE\",\"potentialAction\":[{\"@type\":\"ReadAction\",\"target\":[\"https:\\\/\\\/www.apodan.dk\\\/sv\\\/produkter\\\/dynamisk-kompression-sv\\\/multikammar-kompressionspumpar\\\/lympha-press-optimal-plus\\\/\"]}]},{\"@type\":\"ImageObject\",\"inLanguage\":\"sv-SE\",\"@id\":\"https:\\\/\\\/www.apodan.dk\\\/sv\\\/produkter\\\/dynamisk-kompression-sv\\\/multikammar-kompressionspumpar\\\/lympha-press-optimal-plus\\\/#primaryimage\",\"url\":\"https:\\\/\\\/www.apodan.dk\\\/wp-content\\\/uploads\\\/2024\\\/04\\\/optimal-plus-mobil.png\",\"contentUrl\":\"https:\\\/\\\/www.apodan.dk\\\/wp-content\\\/uploads\\\/2024\\\/04\\\/optimal-plus-mobil.png\",\"width\":787,\"height\":599},{\"@type\":\"BreadcrumbList\",\"@id\":\"https:\\\/\\\/www.apodan.dk\\\/sv\\\/produkter\\\/dynamisk-kompression-sv\\\/multikammar-kompressionspumpar\\\/lympha-press-optimal-plus\\\/#breadcrumb\",\"itemListElement\":[{\"@type\":\"ListItem\",\"position\":1,\"name\":\"Forside\",\"item\":\"https:\\\/\\\/www.apodan.dk\\\/sv\\\/\"},{\"@type\":\"ListItem\",\"position\":2,\"name\":\"Produkter\",\"item\":\"https:\\\/\\\/www.apodan.dk\\\/sv\\\/produkter\\\/\"},{\"@type\":\"ListItem\",\"position\":3,\"name\":\"Dynamisk kompression\",\"item\":\"https:\\\/\\\/www.apodan.dk\\\/sv\\\/produkter\\\/produkt-kategory\\\/dynamisk-kompression-sv\\\/\"},{\"@type\":\"ListItem\",\"position\":4,\"name\":\"Multikammar Kompressionspumpar\",\"item\":\"https:\\\/\\\/www.apodan.dk\\\/sv\\\/produkter\\\/produkt-kategory\\\/dynamisk-kompression-sv\\\/multikammar-kompressionspumpar\\\/\"},{\"@type\":\"ListItem\",\"position\":5,\"name\":\"Lympha Press\u00ae Optimal Plus\"}]},{\"@type\":\"WebSite\",\"@id\":\"https:\\\/\\\/www.apodan.dk\\\/sv\\\/#website\",\"url\":\"https:\\\/\\\/www.apodan.dk\\\/sv\\\/\",\"name\":\"Apodan\",\"description\":\"\",\"potentialAction\":[{\"@type\":\"SearchAction\",\"target\":{\"@type\":\"EntryPoint\",\"urlTemplate\":\"https:\\\/\\\/www.apodan.dk\\\/sv\\\/?s={search_term_string}\"},\"query-input\":{\"@type\":\"PropertyValueSpecification\",\"valueRequired\":true,\"valueName\":\"search_term_string\"}}],\"inLanguage\":\"sv-SE\"}]}<\/script>\n<!-- \/ Yoast SEO plugin. -->","yoast_head_json":{"title":"Lympha Press Optimal Plus | Effektiv lymfekompression","robots":{"index":"index","follow":"follow","max-snippet":"max-snippet:-1","max-image-preview":"max-image-preview:large","max-video-preview":"max-video-preview:-1"},"canonical":"https:\/\/www.apodan.dk\/sv\/produkter\/dynamisk-kompression-sv\/multikammar-kompressionspumpar\/lympha-press-optimal-plus\/","og_locale":"sv_SE","og_type":"article","og_title":"Lympha Press Optimal Plus | Effektiv lymfekompression","og_description":"Apodan erbjuder ett brett urval av Lympha Press\u00ae kompressionspumpar med tillh\u00f6rande manschetter. Pumparna bildar ett pulserande \u00f6vertryck vars \u00e4ndam\u00e5l \u00e4r att f\u00f6rminska omf\u00e5nget p\u00e5 kroppsdelar och mjukg\u00f6ra v\u00e4vnader etc. Pumparna anv\u00e4nds p\u00e5 sjukhus och kliniker och kan, efter individuell bed\u00f6mning av anv\u00e4ndarens tillst\u00e5nd, beviljas f\u00f6r hemmabruk. Lympha Press\u00ae \u00e4r godk\u00e4nd som medicinsk utrustning enligt FDA, [&hellip;]","og_url":"https:\/\/www.apodan.dk\/sv\/produkter\/dynamisk-kompression-sv\/multikammar-kompressionspumpar\/lympha-press-optimal-plus\/","og_site_name":"Apodan","article_modified_time":"2026-04-14T12:24:33+00:00","og_image":[{"width":787,"height":599,"url":"https:\/\/www.apodan.dk\/wp-content\/uploads\/2024\/04\/optimal-plus-mobil.png","type":"image\/png"}],"twitter_card":"summary_large_image","twitter_misc":{"Ber\u00e4knad l\u00e4stid":"14 minuter"},"schema":{"@context":"https:\/\/schema.org","@graph":[{"@type":"WebPage","@id":"https:\/\/www.apodan.dk\/sv\/produkter\/dynamisk-kompression-sv\/multikammar-kompressionspumpar\/lympha-press-optimal-plus\/","url":"https:\/\/www.apodan.dk\/sv\/produkter\/dynamisk-kompression-sv\/multikammar-kompressionspumpar\/lympha-press-optimal-plus\/","name":"Lympha Press Optimal Plus | Effektiv lymfekompression","isPartOf":{"@id":"https:\/\/www.apodan.dk\/sv\/#website"},"primaryImageOfPage":{"@id":"https:\/\/www.apodan.dk\/sv\/produkter\/dynamisk-kompression-sv\/multikammar-kompressionspumpar\/lympha-press-optimal-plus\/#primaryimage"},"image":{"@id":"https:\/\/www.apodan.dk\/sv\/produkter\/dynamisk-kompression-sv\/multikammar-kompressionspumpar\/lympha-press-optimal-plus\/#primaryimage"},"thumbnailUrl":"https:\/\/www.apodan.dk\/wp-content\/uploads\/2024\/04\/optimal-plus-mobil.png","datePublished":"2024-04-30T09:57:11+00:00","dateModified":"2026-04-14T12:24:33+00:00","breadcrumb":{"@id":"https:\/\/www.apodan.dk\/sv\/produkter\/dynamisk-kompression-sv\/multikammar-kompressionspumpar\/lympha-press-optimal-plus\/#breadcrumb"},"inLanguage":"sv-SE","potentialAction":[{"@type":"ReadAction","target":["https:\/\/www.apodan.dk\/sv\/produkter\/dynamisk-kompression-sv\/multikammar-kompressionspumpar\/lympha-press-optimal-plus\/"]}]},{"@type":"ImageObject","inLanguage":"sv-SE","@id":"https:\/\/www.apodan.dk\/sv\/produkter\/dynamisk-kompression-sv\/multikammar-kompressionspumpar\/lympha-press-optimal-plus\/#primaryimage","url":"https:\/\/www.apodan.dk\/wp-content\/uploads\/2024\/04\/optimal-plus-mobil.png","contentUrl":"https:\/\/www.apodan.dk\/wp-content\/uploads\/2024\/04\/optimal-plus-mobil.png","width":787,"height":599},{"@type":"BreadcrumbList","@id":"https:\/\/www.apodan.dk\/sv\/produkter\/dynamisk-kompression-sv\/multikammar-kompressionspumpar\/lympha-press-optimal-plus\/#breadcrumb","itemListElement":[{"@type":"ListItem","position":1,"name":"Forside","item":"https:\/\/www.apodan.dk\/sv\/"},{"@type":"ListItem","position":2,"name":"Produkter","item":"https:\/\/www.apodan.dk\/sv\/produkter\/"},{"@type":"ListItem","position":3,"name":"Dynamisk kompression","item":"https:\/\/www.apodan.dk\/sv\/produkter\/produkt-kategory\/dynamisk-kompression-sv\/"},{"@type":"ListItem","position":4,"name":"Multikammar Kompressionspumpar","item":"https:\/\/www.apodan.dk\/sv\/produkter\/produkt-kategory\/dynamisk-kompression-sv\/multikammar-kompressionspumpar\/"},{"@type":"ListItem","position":5,"name":"Lympha Press\u00ae Optimal Plus"}]},{"@type":"WebSite","@id":"https:\/\/www.apodan.dk\/sv\/#website","url":"https:\/\/www.apodan.dk\/sv\/","name":"Apodan","description":"","potentialAction":[{"@type":"SearchAction","target":{"@type":"EntryPoint","urlTemplate":"https:\/\/www.apodan.dk\/sv\/?s={search_term_string}"},"query-input":{"@type":"PropertyValueSpecification","valueRequired":true,"valueName":"search_term_string"}}],"inLanguage":"sv-SE"}]}},"_links":{"self":[{"href":"https:\/\/www.apodan.dk\/sv\/wp-json\/wp\/v2\/product\/5193","targetHints":{"allow":["GET"]}}],"collection":[{"href":"https:\/\/www.apodan.dk\/sv\/wp-json\/wp\/v2\/product"}],"about":[{"href":"https:\/\/www.apodan.dk\/sv\/wp-json\/wp\/v2\/types\/product"}],"wp:featuredmedia":[{"embeddable":true,"href":"https:\/\/www.apodan.dk\/sv\/wp-json\/wp\/v2\/media\/4745"}],"wp:attachment":[{"href":"https:\/\/www.apodan.dk\/sv\/wp-json\/wp\/v2\/media?parent=5193"}],"wp:term":[{"taxonomy":"product_brand","embeddable":true,"href":"https:\/\/www.apodan.dk\/sv\/wp-json\/wp\/v2\/product_brand?post=5193"},{"taxonomy":"product_cat","embeddable":true,"href":"https:\/\/www.apodan.dk\/sv\/wp-json\/wp\/v2\/product_cat?post=5193"},{"taxonomy":"product_tag","embeddable":true,"href":"https:\/\/www.apodan.dk\/sv\/wp-json\/wp\/v2\/product_tag?post=5193"}],"curies":[{"name":"wp","href":"https:\/\/api.w.org\/{rel}","templated":true}]}}